{"id":3297,"date":"2021-05-07T09:49:05","date_gmt":"2021-05-07T09:49:05","guid":{"rendered":"https:\/\/konte.uix.store\/?post_type=product&#038;p=3297"},"modified":"2025-12-11T16:55:35","modified_gmt":"2025-12-11T15:55:35","slug":"stripe-crew-knit","status":"publish","type":"product","link":"https:\/\/latiibleti.pl\/sklep\/produkt\/stripe-crew-knit\/","title":{"rendered":"Zicherka 4 na tr\u00f3jnogu"},"content":{"rendered":"<div class=\"shortcode-post\">\n<p>r\u00f3\u017cnice kolor\u00f3w \u2013 wa\u017cna informacja:<br>kolory przedstawione na zdj\u0119ciach mog\u0105 odbiega\u0107 od rzeczywisto\u015bci w zale\u017cno\u015bci od indywidualnych ustawie\u0144 wy\u015bwietlacza i mo\u017cliwe \u017ce mog\u0105 nieznacznie r\u00f3\u017cni\u0107 si\u0119 od tego, co widzisz na ekranie komputera, telefonu lub tabletu, poniewa\u017c ka\u017cdy cyfrowy ekran wy\u015bwietla inaczej kolory<\/p>\n\n\n\n<p><\/p>\n<\/div>\n","protected":false},"excerpt":{"rendered":"<ul>\r\n \t<li>wewn\u0119trzna stoj\u0105ca, gwint E27<\/li>\r\n \t<li>r\u0119cznie wykonana z w\u0142\u00f3czki, sznurka tekstylnego i mini pompon\u00f3w, na stalowym stela\u017cu<\/li>\r\n \t<li>tr\u00f3jn\u00f3g metalowy, czarny<\/li>\r\n \t<li>wymiary lampy: wysoko\u015b\u0107 500mm, szeroko\u015b\u0107 250mm osadzona na tr\u00f3jnogu o wysoko\u015bci 130cm<\/li>\r\n \t<li>przeznaczona na jedn\u0105 \u017car\u00f3wk\u0119 E27, max. 40 W<\/li>\r\n \t<li>sprzedawana jest bez dodatkowych akcesori\u00f3w<\/li>\r\n<\/ul>\r\n[post id=\"1\"]","protected":false},"featured_media":3457,"template":"","meta":[],"product_brand":[],"product_cat":[94],"product_tag":[34],"class_list":{"0":"post-3297","1":"product","2":"type-product","3":"status-publish","4":"has-post-thumbnail","6":"product_cat-lampy-stojace","7":"product_tag-duze","8":"product_shipping_class-duze","10":"first","11":"instock","12":"shipping-taxable","13":"purchasable","14":"product-type-simple"},"_links":{"self":[{"href":"https:\/\/latiibleti.pl\/sklep\/wp-json\/wp\/v2\/product\/3297","targetHints":{"allow":["GET"]}}],"collection":[{"href":"https:\/\/latiibleti.pl\/sklep\/wp-json\/wp\/v2\/product"}],"about":[{"href":"https:\/\/latiibleti.pl\/sklep\/wp-json\/wp\/v2\/types\/product"}],"wp:featuredmedia":[{"embeddable":true,"href":"https:\/\/latiibleti.pl\/sklep\/wp-json\/wp\/v2\/media\/3457"}],"wp:attachment":[{"href":"https:\/\/latiibleti.pl\/sklep\/wp-json\/wp\/v2\/media?parent=3297"}],"wp:term":[{"taxonomy":"product_brand","embeddable":true,"href":"https:\/\/latiibleti.pl\/sklep\/wp-json\/wp\/v2\/product_brand?post=3297"},{"taxonomy":"product_cat","embeddable":true,"href":"https:\/\/latiibleti.pl\/sklep\/wp-json\/wp\/v2\/product_cat?post=3297"},{"taxonomy":"product_tag","embeddable":true,"href":"https:\/\/latiibleti.pl\/sklep\/wp-json\/wp\/v2\/product_tag?post=3297"}],"curies":[{"name":"wp","href":"https:\/\/api.w.org\/{rel}","templated":true}]}}